{"id":113,"date":"2022-04-01T15:11:39","date_gmt":"2022-04-01T13:11:39","guid":{"rendered":"http:\/\/vjxxpra.cluster031.hosting.ovh.net\/?page_id=113"},"modified":"2023-12-06T09:12:06","modified_gmt":"2023-12-06T08:12:06","slug":"lagence","status":"publish","type":"page","link":"https:\/\/www.cmc-interieur.com\/index.php\/lagence\/","title":{"rendered":"L&rsquo;agence"},"content":{"rendered":"<p>[et_pb_section fb_built=\u00a0\u00bb1&Prime; _builder_version=\u00a0\u00bb4.16&Prime; _module_preset=\u00a0\u00bbdefault\u00a0\u00bb background_color=\u00a0\u00bb#FFFFFF\u00a0\u00bb custom_margin=\u00a0\u00bb||350px||false|false\u00a0\u00bb global_colors_info=\u00a0\u00bb{}\u00a0\u00bb][et_pb_row column_structure=\u00a0\u00bb1_2,1_2&Prime; _builder_version=\u00a0\u00bb4.16&Prime; _module_preset=\u00a0\u00bbdefault\u00a0\u00bb min_height=\u00a0\u00bb1000px\u00a0\u00bb height=\u00a0\u00bb1000px\u00a0\u00bb max_height=\u00a0\u00bb1000px\u00a0\u00bb custom_margin=\u00a0\u00bb||100px||false|false\u00a0\u00bb custom_padding=\u00a0\u00bb100px||0px||false|false\u00a0\u00bb global_colors_info=\u00a0\u00bb{}\u00a0\u00bb][et_pb_column type=\u00a0\u00bb1_2&Prime; _builder_version=\u00a0\u00bb4.16&Prime; _module_preset=\u00a0\u00bbdefault\u00a0\u00bb global_colors_info=\u00a0\u00bb{}\u00a0\u00bb][et_pb_text _builder_version=\u00a0\u00bb4.21.0&Prime; _module_preset=\u00a0\u00bbdefault\u00a0\u00bb text_font=\u00a0\u00bbPlayfair Display|600|on||||||\u00a0\u00bb text_text_color=\u00a0\u00bb#f27808&Prime; text_font_size=\u00a0\u00bb31px\u00a0\u00bb text_line_height=\u00a0\u00bb1em\u00a0\u00bb custom_margin=\u00a0\u00bb||8px|||\u00a0\u00bb hover_enabled=\u00a0\u00bb0&Prime; global_colors_info=\u00a0\u00bb{}\u00a0\u00bb sticky_enabled=\u00a0\u00bb0&Prime;]<\/p>\n<p>Dipl\u00f4m\u00e9e<\/p>\n<p>[\/et_pb_text][et_pb_text _builder_version=\u00a0\u00bb4.16&Prime; _module_preset=\u00a0\u00bbdefault\u00a0\u00bb text_font=\u00a0\u00bbRaleway||||||||\u00a0\u00bb text_text_color=\u00a0\u00bb#210f05&Prime; text_line_height=\u00a0\u00bb1.9em\u00a0\u00bb text_orientation=\u00a0\u00bbjustified\u00a0\u00bb width=\u00a0\u00bb100%\u00a0\u00bb min_height=\u00a0\u00bb117px\u00a0\u00bb height=\u00a0\u00bb100px\u00a0\u00bb max_height=\u00a0\u00bb100px\u00a0\u00bb custom_margin=\u00a0\u00bb||59px|||\u00a0\u00bb global_colors_info=\u00a0\u00bb{}\u00a0\u00bb]<\/p>\n<p style=\"text-align: justify;\">de l\u2019\u00c9cole Sup\u00e9rieure d\u2019Arts Appliqu\u00e9s de La Martini\u00e8re-Diderot \u00e0 Lyon et d\u2019un cursus en Design and Technology de la Metropolitan University \u00e0 Londres, j\u2019ai travaill\u00e9 au sein d\u2019une agence d\u2019architecture int\u00e9rieure pendant 10 ans avant de cr\u00e9er mon agence.<\/p>\n<p>[\/et_pb_text][et_pb_text _builder_version=\u00a0\u00bb4.16&Prime; _module_preset=\u00a0\u00bbdefault\u00a0\u00bb text_font=\u00a0\u00bbPlayfair Display||||||||\u00a0\u00bb text_text_color=\u00a0\u00bb#210f05&Prime; text_font_size=\u00a0\u00bb18px\u00a0\u00bb text_orientation=\u00a0\u00bbcenter\u00a0\u00bb min_height=\u00a0\u00bb43px\u00a0\u00bb custom_margin=\u00a0\u00bb||20px|||\u00a0\u00bb global_colors_info=\u00a0\u00bb{}\u00a0\u00bb]<\/p>\n<p style=\"text-align: center;\">\u00ab\u00a0L\u2019espace dans lequel on vit doit \u00eatre comme une \u00e9vidence.\u00a0\u00bb<\/p>\n<p>[\/et_pb_text][et_pb_text _builder_version=\u00a0\u00bb4.21.0&Prime; _module_preset=\u00a0\u00bbdefault\u00a0\u00bb text_font=\u00a0\u00bbRaleway||||||||\u00a0\u00bb text_text_color=\u00a0\u00bb#210f05&Prime; text_line_height=\u00a0\u00bb1.9em\u00a0\u00bb hover_enabled=\u00a0\u00bb0&Prime; global_colors_info=\u00a0\u00bb{}\u00a0\u00bb sticky_enabled=\u00a0\u00bb0&Prime;]<\/p>\n<p style=\"text-align: justify;\">Cette \u00e9vidence s\u2019imagine et se cr\u00e9e gr\u00e2ce \u00e0 une communication \u00e9troite avec les clients, les espaces sont repens\u00e9s en lien avec leur mode de vie et leurs aspirations.<span class=\"Apple-converted-space\">\u00a0<\/span><\/p>\n<p style=\"text-align: justify;\">De l\u2019esquisse aux travaux, je vous accompagne dans vos projets de r\u00e9novation, d&rsquo;extension, de sur\u00e9l\u00e9vation, ou de projet neuf, sur-mesure et cl\u00e9-en-main.<\/p>\n<p>[\/et_pb_text][et_pb_text _builder_version=\u00a0\u00bb4.16&Prime; _module_preset=\u00a0\u00bbdefault\u00a0\u00bb text_font=\u00a0\u00bb||||||||\u00a0\u00bb text_text_color=\u00a0\u00bb#f27808&Prime; text_font_size=\u00a0\u00bb23px\u00a0\u00bb text_line_height=\u00a0\u00bb1.9em\u00a0\u00bb global_colors_info=\u00a0\u00bb{}\u00a0\u00bb]<\/p>\n<p style=\"text-align: justify;\">La maison, l\u2019appartement, le salon, la chambre, la salle de bain, la terrasse ext\u00e9rieure, le jardin, la boutique, le restaurant\u2026tout est projet !<span class=\"Apple-converted-space\">\u00a0<\/span><\/p>\n<p>[\/et_pb_text][et_pb_text _builder_version=\u00a0\u00bb4.16&Prime; _module_preset=\u00a0\u00bbdefault\u00a0\u00bb text_font=\u00a0\u00bbPlayfair Display||on||||||\u00a0\u00bb text_text_color=\u00a0\u00bb#210f05&Prime; text_line_height=\u00a0\u00bb1.9em\u00a0\u00bb min_height=\u00a0\u00bb87px\u00a0\u00bb custom_padding=\u00a0\u00bb||29px|||\u00a0\u00bb global_colors_info=\u00a0\u00bb{}\u00a0\u00bb]<\/p>\n<p style=\"text-align: justify;\">\u00ab\u00a0Je mets un tableau sur un mur. Ensuite j\u2019oublie qu\u2019il y a un mur. Je ne sais plus qu\u2019il y a un mur, je ne sais plus que ce mur est un mur, je ne sais plus ce que c\u2019est qu\u2019un mur. [\u2026] Le mur n\u2019est plus ce qui d\u00e9limite et d\u00e9finit le lieu o\u00f9 je vis, ce qui le s\u00e9pare [\u2026] il n\u2019est plus qu\u2019un support pour le tableau.\u00a0\u00bb<\/p>\n<p>[\/et_pb_text][et_pb_text _builder_version=\u00a0\u00bb4.16&Prime; _module_preset=\u00a0\u00bbdefault\u00a0\u00bb text_font=\u00a0\u00bbRaleway||||||||\u00a0\u00bb text_text_color=\u00a0\u00bb#210f05&Prime; text_line_height=\u00a0\u00bb0em\u00a0\u00bb height=\u00a0\u00bb62px\u00a0\u00bb max_height=\u00a0\u00bb100px\u00a0\u00bb custom_margin=\u00a0\u00bb-41px||||false|false\u00a0\u00bb custom_padding=\u00a0\u00bb0px||0px||false|false\u00a0\u00bb global_colors_info=\u00a0\u00bb{}\u00a0\u00bb]<\/p>\n<p>Georges Perec &#8211; Esp\u00e8ces d\u2019espaces<span class=\"Apple-converted-space\">\u00a0<\/span><\/p>\n<p>[\/et_pb_text][\/et_pb_column][et_pb_column type=\u00a0\u00bb1_2&Prime; _builder_version=\u00a0\u00bb4.16&Prime; _module_preset=\u00a0\u00bbdefault\u00a0\u00bb global_colors_info=\u00a0\u00bb{}\u00a0\u00bb][et_pb_image src=\u00a0\u00bbhttps:\/\/www.cmc-interieur.com\/wp-content\/uploads\/2022\/05\/IMG_0843-copie.png\u00a0\u00bb title_text=\u00a0\u00bbIMG_0843 copie\u00a0\u00bb _builder_version=\u00a0\u00bb4.16&Prime; _module_preset=\u00a0\u00bbdefault\u00a0\u00bb global_colors_info=\u00a0\u00bb{}\u00a0\u00bb][\/et_pb_image][et_pb_text _builder_version=\u00a0\u00bb4.16&Prime; _module_preset=\u00a0\u00bbdefault\u00a0\u00bb text_font=\u00a0\u00bbPlayfair Display||on||||||\u00a0\u00bb text_text_color=\u00a0\u00bb#210f05&Prime; text_font_size=\u00a0\u00bb17px\u00a0\u00bb text_line_height=\u00a0\u00bb1em\u00a0\u00bb custom_margin=\u00a0\u00bb-19px||||false|false\u00a0\u00bb global_colors_info=\u00a0\u00bb{}\u00a0\u00bb]<\/p>\n<p style=\"text-align: right;\">Charlotte Marco<\/p>\n<p>[\/et_pb_text][\/et_pb_column][\/et_pb_row][\/et_pb_section]<\/p>\n","protected":false},"excerpt":{"rendered":"<p>Dipl\u00f4m\u00e9ede l\u2019\u00c9cole Sup\u00e9rieure d\u2019Arts Appliqu\u00e9s de La Martini\u00e8re-Diderot \u00e0 Lyon et d\u2019un cursus en Design and Technology de la Metropolitan University \u00e0 Londres, j\u2019ai travaill\u00e9 au sein d\u2019une agence d\u2019architecture int\u00e9rieure pendant 10 ans avant de cr\u00e9er mon agence.\u00ab\u00a0L\u2019espace dans lequel on vit doit \u00eatre comme une \u00e9vidence.\u00a0\u00bbCette \u00e9vidence s\u2019imagine et se cr\u00e9e gr\u00e2ce \u00e0 [&hellip;]<\/p>\n","protected":false},"author":1,"featured_media":0,"parent":0,"menu_order":0,"comment_status":"closed","ping_status":"closed","template":"","meta":{"_et_pb_use_builder":"on","_et_pb_old_content":"","_et_gb_content_width":"","_monsterinsights_skip_tracking":false,"_monsterinsights_sitenote_active":false,"_monsterinsights_sitenote_note":"","_monsterinsights_sitenote_category":0,"footnotes":""},"class_list":["post-113","page","type-page","status-publish","hentry"],"yoast_head":"<!-- This site is optimized with the Yoast SEO plugin v26.0 - https:\/\/yoast.com\/wordpress\/plugins\/seo\/ -->\n<title>L&#039;agence - CMC Int\u00e9rieur<\/title>\n<meta name=\"robots\" content=\"index, follow, max-snippet:-1, max-image-preview:large, max-video-preview:-1\" \/>\n<link rel=\"canonical\" href=\"https:\/\/www.cmc-interieur.com\/index.php\/lagence\/\" \/>\n<meta property=\"og:locale\" content=\"fr_FR\" \/>\n<meta property=\"og:type\" content=\"article\" \/>\n<meta property=\"og:title\" content=\"L&#039;agence - CMC Int\u00e9rieur\" \/>\n<meta property=\"og:description\" content=\"Dipl\u00f4m\u00e9ede l\u2019\u00c9cole Sup\u00e9rieure d\u2019Arts Appliqu\u00e9s de La Martini\u00e8re-Diderot \u00e0 Lyon et d\u2019un cursus en Design and Technology de la Metropolitan University \u00e0 Londres, j\u2019ai travaill\u00e9 au sein d\u2019une agence d\u2019architecture int\u00e9rieure pendant 10 ans avant de cr\u00e9er mon agence.\u00ab\u00a0L\u2019espace dans lequel on vit doit \u00eatre comme une \u00e9vidence.\u00a0\u00bbCette \u00e9vidence s\u2019imagine et se cr\u00e9e gr\u00e2ce \u00e0 [&hellip;]\" \/>\n<meta property=\"og:url\" content=\"https:\/\/www.cmc-interieur.com\/index.php\/lagence\/\" \/>\n<meta property=\"og:site_name\" content=\"CMC Int\u00e9rieur\" \/>\n<meta property=\"article:modified_time\" content=\"2023-12-06T08:12:06+00:00\" \/>\n<meta name=\"twitter:card\" content=\"summary_large_image\" \/>\n<meta name=\"twitter:label1\" content=\"Dur\u00e9e de lecture estim\u00e9e\" \/>\n\t<meta name=\"twitter:data1\" content=\"3 minutes\" \/>\n<script type=\"application\/ld+json\" class=\"yoast-schema-graph\">{\"@context\":\"https:\/\/schema.org\",\"@graph\":[{\"@type\":\"WebPage\",\"@id\":\"https:\/\/www.cmc-interieur.com\/index.php\/lagence\/\",\"url\":\"https:\/\/www.cmc-interieur.com\/index.php\/lagence\/\",\"name\":\"L'agence - CMC Int\u00e9rieur\",\"isPartOf\":{\"@id\":\"https:\/\/www.cmc-interieur.com\/#website\"},\"datePublished\":\"2022-04-01T13:11:39+00:00\",\"dateModified\":\"2023-12-06T08:12:06+00:00\",\"breadcrumb\":{\"@id\":\"https:\/\/www.cmc-interieur.com\/index.php\/lagence\/#breadcrumb\"},\"inLanguage\":\"fr-FR\",\"potentialAction\":[{\"@type\":\"ReadAction\",\"target\":[\"https:\/\/www.cmc-interieur.com\/index.php\/lagence\/\"]}]},{\"@type\":\"BreadcrumbList\",\"@id\":\"https:\/\/www.cmc-interieur.com\/index.php\/lagence\/#breadcrumb\",\"itemListElement\":[{\"@type\":\"ListItem\",\"position\":1,\"name\":\"Accueil\",\"item\":\"https:\/\/www.cmc-interieur.com\/\"},{\"@type\":\"ListItem\",\"position\":2,\"name\":\"L&rsquo;agence\"}]},{\"@type\":\"WebSite\",\"@id\":\"https:\/\/www.cmc-interieur.com\/#website\",\"url\":\"https:\/\/www.cmc-interieur.com\/\",\"name\":\"CMC Int\u00e9rieur\",\"description\":\"Architecte d&#039;int\u00e9rieur \u00e0 Montpellier\",\"potentialAction\":[{\"@type\":\"SearchAction\",\"target\":{\"@type\":\"EntryPoint\",\"urlTemplate\":\"https:\/\/www.cmc-interieur.com\/?s={search_term_string}\"},\"query-input\":{\"@type\":\"PropertyValueSpecification\",\"valueRequired\":true,\"valueName\":\"search_term_string\"}}],\"inLanguage\":\"fr-FR\"}]}<\/script>\n<!-- \/ Yoast SEO plugin. -->","yoast_head_json":{"title":"L'agence - CMC Int\u00e9rieur","robots":{"index":"index","follow":"follow","max-snippet":"max-snippet:-1","max-image-preview":"max-image-preview:large","max-video-preview":"max-video-preview:-1"},"canonical":"https:\/\/www.cmc-interieur.com\/index.php\/lagence\/","og_locale":"fr_FR","og_type":"article","og_title":"L'agence - CMC Int\u00e9rieur","og_description":"Dipl\u00f4m\u00e9ede l\u2019\u00c9cole Sup\u00e9rieure d\u2019Arts Appliqu\u00e9s de La Martini\u00e8re-Diderot \u00e0 Lyon et d\u2019un cursus en Design and Technology de la Metropolitan University \u00e0 Londres, j\u2019ai travaill\u00e9 au sein d\u2019une agence d\u2019architecture int\u00e9rieure pendant 10 ans avant de cr\u00e9er mon agence.\u00ab\u00a0L\u2019espace dans lequel on vit doit \u00eatre comme une \u00e9vidence.\u00a0\u00bbCette \u00e9vidence s\u2019imagine et se cr\u00e9e gr\u00e2ce \u00e0 [&hellip;]","og_url":"https:\/\/www.cmc-interieur.com\/index.php\/lagence\/","og_site_name":"CMC Int\u00e9rieur","article_modified_time":"2023-12-06T08:12:06+00:00","twitter_card":"summary_large_image","twitter_misc":{"Dur\u00e9e de lecture estim\u00e9e":"3 minutes"},"schema":{"@context":"https:\/\/schema.org","@graph":[{"@type":"WebPage","@id":"https:\/\/www.cmc-interieur.com\/index.php\/lagence\/","url":"https:\/\/www.cmc-interieur.com\/index.php\/lagence\/","name":"L'agence - CMC Int\u00e9rieur","isPartOf":{"@id":"https:\/\/www.cmc-interieur.com\/#website"},"datePublished":"2022-04-01T13:11:39+00:00","dateModified":"2023-12-06T08:12:06+00:00","breadcrumb":{"@id":"https:\/\/www.cmc-interieur.com\/index.php\/lagence\/#breadcrumb"},"inLanguage":"fr-FR","potentialAction":[{"@type":"ReadAction","target":["https:\/\/www.cmc-interieur.com\/index.php\/lagence\/"]}]},{"@type":"BreadcrumbList","@id":"https:\/\/www.cmc-interieur.com\/index.php\/lagence\/#breadcrumb","itemListElement":[{"@type":"ListItem","position":1,"name":"Accueil","item":"https:\/\/www.cmc-interieur.com\/"},{"@type":"ListItem","position":2,"name":"L&rsquo;agence"}]},{"@type":"WebSite","@id":"https:\/\/www.cmc-interieur.com\/#website","url":"https:\/\/www.cmc-interieur.com\/","name":"CMC Int\u00e9rieur","description":"Architecte d&#039;int\u00e9rieur \u00e0 Montpellier","potentialAction":[{"@type":"SearchAction","target":{"@type":"EntryPoint","urlTemplate":"https:\/\/www.cmc-interieur.com\/?s={search_term_string}"},"query-input":{"@type":"PropertyValueSpecification","valueRequired":true,"valueName":"search_term_string"}}],"inLanguage":"fr-FR"}]}},"_links":{"self":[{"href":"https:\/\/www.cmc-interieur.com\/index.php\/wp-json\/wp\/v2\/pages\/113","targetHints":{"allow":["GET"]}}],"collection":[{"href":"https:\/\/www.cmc-interieur.com\/index.php\/wp-json\/wp\/v2\/pages"}],"about":[{"href":"https:\/\/www.cmc-interieur.com\/index.php\/wp-json\/wp\/v2\/types\/page"}],"author":[{"embeddable":true,"href":"https:\/\/www.cmc-interieur.com\/index.php\/wp-json\/wp\/v2\/users\/1"}],"replies":[{"embeddable":true,"href":"https:\/\/www.cmc-interieur.com\/index.php\/wp-json\/wp\/v2\/comments?post=113"}],"version-history":[{"count":28,"href":"https:\/\/www.cmc-interieur.com\/index.php\/wp-json\/wp\/v2\/pages\/113\/revisions"}],"predecessor-version":[{"id":989,"href":"https:\/\/www.cmc-interieur.com\/index.php\/wp-json\/wp\/v2\/pages\/113\/revisions\/989"}],"wp:attachment":[{"href":"https:\/\/www.cmc-interieur.com\/index.php\/wp-json\/wp\/v2\/media?parent=113"}],"curies":[{"name":"wp","href":"https:\/\/api.w.org\/{rel}","templated":true}]}}