{"id":126,"date":"2022-04-01T15:11:53","date_gmt":"2022-04-01T13:11:53","guid":{"rendered":"http:\/\/vjxxpra.cluster031.hosting.ovh.net\/?page_id=126"},"modified":"2022-06-07T15:48:27","modified_gmt":"2022-06-07T13:48:27","slug":"le-blog","status":"publish","type":"page","link":"https:\/\/www.cmc-interieur.com\/index.php\/le-blog\/","title":{"rendered":"Le blog"},"content":{"rendered":"<p>[et_pb_section fb_built=\u00a0\u00bb1&Prime; admin_label=\u00a0\u00bbHeader Section\u00a0\u00bb _builder_version=\u00a0\u00bb4.15.1&Prime; background_color_gradient_start=\u00a0\u00bb#000000&Prime; background_color_gradient_end=\u00a0\u00bbrgba(0,0,0,0)\u00a0\u00bb background_enable_image=\u00a0\u00bboff\u00a0\u00bb min_height=\u00a0\u00bb100px\u00a0\u00bb height=\u00a0\u00bb464px\u00a0\u00bb max_height=\u00a0\u00bb451px\u00a0\u00bb custom_margin=\u00a0\u00bb||-218px||false|false\u00a0\u00bb custom_padding=\u00a0\u00bb0%|0px|0%|0px|false|false\u00a0\u00bb global_colors_info=\u00a0\u00bb{}\u00a0\u00bb][et_pb_row admin_label=\u00a0\u00bbTitle Row\u00a0\u00bb _builder_version=\u00a0\u00bb4.15&Prime; global_colors_info=\u00a0\u00bb{}\u00a0\u00bb][et_pb_column type=\u00a0\u00bb4_4&Prime; _builder_version=\u00a0\u00bb4.15&Prime; custom_padding=\u00a0\u00bb|||\u00a0\u00bb global_colors_info=\u00a0\u00bb{}\u00a0\u00bb custom_padding__hover=\u00a0\u00bb|||\u00a0\u00bb][et_pb_text admin_label=\u00a0\u00bbTitle &#038; Paragraph\u00a0\u00bb _builder_version=\u00a0\u00bb4.15.1&Prime; text_font=\u00a0\u00bbRaleway|100|||||||\u00a0\u00bb text_text_color=\u00a0\u00bb#210F05&Prime; text_font_size=\u00a0\u00bb18px\u00a0\u00bb text_line_height=\u00a0\u00bb1.8em\u00a0\u00bb header_font=\u00a0\u00bbPlayfair Display||||||||\u00a0\u00bb header_text_color=\u00a0\u00bb#C4B29C\u00a0\u00bb header_font_size=\u00a0\u00bb65px\u00a0\u00bb header_line_height=\u00a0\u00bb1.4em\u00a0\u00bb header_2_font=\u00a0\u00bb||||||||\u00a0\u00bb text_orientation=\u00a0\u00bbcenter\u00a0\u00bb background_layout=\u00a0\u00bbdark\u00a0\u00bb max_width=\u00a0\u00bb640px\u00a0\u00bb max_width_last_edited=\u00a0\u00bboff|desktop\u00a0\u00bb module_alignment=\u00a0\u00bbcenter\u00a0\u00bb custom_margin=\u00a0\u00bb|||\u00a0\u00bb custom_margin_tablet=\u00a0\u00bb0px|||0px\u00a0\u00bb custom_margin_last_edited=\u00a0\u00bboff|desktop\u00a0\u00bb custom_padding=\u00a0\u00bb|||\u00a0\u00bb custom_padding_last_edited=\u00a0\u00bboff|desktop\u00a0\u00bb animation_style=\u00a0\u00bbfade\u00a0\u00bb hover_enabled=\u00a0\u00bb0&Prime; header_font_size_tablet=\u00a0\u00bb\u00a0\u00bb header_font_size_phone=\u00a0\u00bb50px\u00a0\u00bb header_font_size_last_edited=\u00a0\u00bbon|phone\u00a0\u00bb global_colors_info=\u00a0\u00bb{}\u00a0\u00bb sticky_enabled=\u00a0\u00bb0&Prime;]<\/p>\n<h1 style=\"text-align: center;\">The Blog<\/h1>\n<p style=\"text-align: center;\">Articles<\/p>\n<p style=\"text-align: center;\">Conseils<\/p>\n<p style=\"text-align: center;\">Projets<\/p>\n<p style=\"text-align: center;\">R\u00e9alisations<\/p>\n<p>[\/et_pb_text][\/et_pb_column][\/et_pb_row][\/et_pb_section][et_pb_section fb_built=\u00a0\u00bb1&Prime; admin_label=\u00a0\u00bbBlog Section\u00a0\u00bb _builder_version=\u00a0\u00bb4.15&Prime; background_position=\u00a0\u00bbtop_center\u00a0\u00bb custom_padding=\u00a0\u00bb100px|0px|100px|0px\u00a0\u00bb global_colors_info=\u00a0\u00bb{}\u00a0\u00bb][et_pb_row admin_label=\u00a0\u00bbBlog Posts Row\u00a0\u00bb _builder_version=\u00a0\u00bb4.15&Prime; global_colors_info=\u00a0\u00bb{}\u00a0\u00bb][et_pb_column type=\u00a0\u00bb4_4&Prime; _builder_version=\u00a0\u00bb4.15&Prime; custom_padding=\u00a0\u00bb|||\u00a0\u00bb global_colors_info=\u00a0\u00bb{}\u00a0\u00bb custom_padding__hover=\u00a0\u00bb|||\u00a0\u00bb][et_pb_blog fullwidth=\u00a0\u00bboff\u00a0\u00bb _builder_version=\u00a0\u00bb4.15.1&Prime; _module_preset=\u00a0\u00bbdefault\u00a0\u00bb global_colors_info=\u00a0\u00bb{}\u00a0\u00bb][\/et_pb_blog][\/et_pb_column][\/et_pb_row][\/et_pb_section]<\/p>\n","protected":false},"excerpt":{"rendered":"<p>The Blog Articles Conseils Projets R\u00e9alisations<\/p>\n","protected":false},"author":1,"featured_media":0,"parent":0,"menu_order":0,"comment_status":"closed","ping_status":"closed","template":"","meta":{"_et_pb_use_builder":"on","_et_pb_old_content":"","_et_gb_content_width":"","_monsterinsights_skip_tracking":false,"_monsterinsights_sitenote_active":false,"_monsterinsights_sitenote_note":"","_monsterinsights_sitenote_category":0,"footnotes":""},"class_list":["post-126","page","type-page","status-publish","hentry"],"yoast_head":"<!-- This site is optimized with the Yoast SEO plugin v26.0 - https:\/\/yoast.com\/wordpress\/plugins\/seo\/ -->\n<title>Le blog - CMC Int\u00e9rieur<\/title>\n<meta name=\"robots\" content=\"index, follow, max-snippet:-1, max-image-preview:large, max-video-preview:-1\" \/>\n<link rel=\"canonical\" href=\"https:\/\/www.cmc-interieur.com\/index.php\/le-blog\/\" \/>\n<meta property=\"og:locale\" content=\"fr_FR\" \/>\n<meta property=\"og:type\" content=\"article\" \/>\n<meta property=\"og:title\" content=\"Le blog - CMC Int\u00e9rieur\" \/>\n<meta property=\"og:description\" content=\"The Blog Articles Conseils Projets R\u00e9alisations\" \/>\n<meta property=\"og:url\" content=\"https:\/\/www.cmc-interieur.com\/index.php\/le-blog\/\" \/>\n<meta property=\"og:site_name\" content=\"CMC Int\u00e9rieur\" \/>\n<meta property=\"article:modified_time\" content=\"2022-06-07T13:48:27+00:00\" \/>\n<meta name=\"twitter:card\" content=\"summary_large_image\" \/>\n<meta name=\"twitter:label1\" content=\"Dur\u00e9e de lecture estim\u00e9e\" \/>\n\t<meta name=\"twitter:data1\" content=\"1 minute\" \/>\n<script type=\"application\/ld+json\" class=\"yoast-schema-graph\">{\"@context\":\"https:\/\/schema.org\",\"@graph\":[{\"@type\":\"WebPage\",\"@id\":\"https:\/\/www.cmc-interieur.com\/index.php\/le-blog\/\",\"url\":\"https:\/\/www.cmc-interieur.com\/index.php\/le-blog\/\",\"name\":\"Le blog - CMC Int\u00e9rieur\",\"isPartOf\":{\"@id\":\"https:\/\/www.cmc-interieur.com\/#website\"},\"datePublished\":\"2022-04-01T13:11:53+00:00\",\"dateModified\":\"2022-06-07T13:48:27+00:00\",\"breadcrumb\":{\"@id\":\"https:\/\/www.cmc-interieur.com\/index.php\/le-blog\/#breadcrumb\"},\"inLanguage\":\"fr-FR\",\"potentialAction\":[{\"@type\":\"ReadAction\",\"target\":[\"https:\/\/www.cmc-interieur.com\/index.php\/le-blog\/\"]}]},{\"@type\":\"BreadcrumbList\",\"@id\":\"https:\/\/www.cmc-interieur.com\/index.php\/le-blog\/#breadcrumb\",\"itemListElement\":[{\"@type\":\"ListItem\",\"position\":1,\"name\":\"Accueil\",\"item\":\"https:\/\/www.cmc-interieur.com\/\"},{\"@type\":\"ListItem\",\"position\":2,\"name\":\"Le blog\"}]},{\"@type\":\"WebSite\",\"@id\":\"https:\/\/www.cmc-interieur.com\/#website\",\"url\":\"https:\/\/www.cmc-interieur.com\/\",\"name\":\"CMC Int\u00e9rieur\",\"description\":\"Architecte d&#039;int\u00e9rieur \u00e0 Montpellier\",\"potentialAction\":[{\"@type\":\"SearchAction\",\"target\":{\"@type\":\"EntryPoint\",\"urlTemplate\":\"https:\/\/www.cmc-interieur.com\/?s={search_term_string}\"},\"query-input\":{\"@type\":\"PropertyValueSpecification\",\"valueRequired\":true,\"valueName\":\"search_term_string\"}}],\"inLanguage\":\"fr-FR\"}]}<\/script>\n<!-- \/ Yoast SEO plugin. -->","yoast_head_json":{"title":"Le blog - CMC Int\u00e9rieur","robots":{"index":"index","follow":"follow","max-snippet":"max-snippet:-1","max-image-preview":"max-image-preview:large","max-video-preview":"max-video-preview:-1"},"canonical":"https:\/\/www.cmc-interieur.com\/index.php\/le-blog\/","og_locale":"fr_FR","og_type":"article","og_title":"Le blog - CMC Int\u00e9rieur","og_description":"The Blog Articles Conseils Projets R\u00e9alisations","og_url":"https:\/\/www.cmc-interieur.com\/index.php\/le-blog\/","og_site_name":"CMC Int\u00e9rieur","article_modified_time":"2022-06-07T13:48:27+00:00","twitter_card":"summary_large_image","twitter_misc":{"Dur\u00e9e de lecture estim\u00e9e":"1 minute"},"schema":{"@context":"https:\/\/schema.org","@graph":[{"@type":"WebPage","@id":"https:\/\/www.cmc-interieur.com\/index.php\/le-blog\/","url":"https:\/\/www.cmc-interieur.com\/index.php\/le-blog\/","name":"Le blog - CMC Int\u00e9rieur","isPartOf":{"@id":"https:\/\/www.cmc-interieur.com\/#website"},"datePublished":"2022-04-01T13:11:53+00:00","dateModified":"2022-06-07T13:48:27+00:00","breadcrumb":{"@id":"https:\/\/www.cmc-interieur.com\/index.php\/le-blog\/#breadcrumb"},"inLanguage":"fr-FR","potentialAction":[{"@type":"ReadAction","target":["https:\/\/www.cmc-interieur.com\/index.php\/le-blog\/"]}]},{"@type":"BreadcrumbList","@id":"https:\/\/www.cmc-interieur.com\/index.php\/le-blog\/#breadcrumb","itemListElement":[{"@type":"ListItem","position":1,"name":"Accueil","item":"https:\/\/www.cmc-interieur.com\/"},{"@type":"ListItem","position":2,"name":"Le blog"}]},{"@type":"WebSite","@id":"https:\/\/www.cmc-interieur.com\/#website","url":"https:\/\/www.cmc-interieur.com\/","name":"CMC Int\u00e9rieur","description":"Architecte d&#039;int\u00e9rieur \u00e0 Montpellier","potentialAction":[{"@type":"SearchAction","target":{"@type":"EntryPoint","urlTemplate":"https:\/\/www.cmc-interieur.com\/?s={search_term_string}"},"query-input":{"@type":"PropertyValueSpecification","valueRequired":true,"valueName":"search_term_string"}}],"inLanguage":"fr-FR"}]}},"_links":{"self":[{"href":"https:\/\/www.cmc-interieur.com\/index.php\/wp-json\/wp\/v2\/pages\/126","targetHints":{"allow":["GET"]}}],"collection":[{"href":"https:\/\/www.cmc-interieur.com\/index.php\/wp-json\/wp\/v2\/pages"}],"about":[{"href":"https:\/\/www.cmc-interieur.com\/index.php\/wp-json\/wp\/v2\/types\/page"}],"author":[{"embeddable":true,"href":"https:\/\/www.cmc-interieur.com\/index.php\/wp-json\/wp\/v2\/users\/1"}],"replies":[{"embeddable":true,"href":"https:\/\/www.cmc-interieur.com\/index.php\/wp-json\/wp\/v2\/comments?post=126"}],"version-history":[{"count":8,"href":"https:\/\/www.cmc-interieur.com\/index.php\/wp-json\/wp\/v2\/pages\/126\/revisions"}],"predecessor-version":[{"id":692,"href":"https:\/\/www.cmc-interieur.com\/index.php\/wp-json\/wp\/v2\/pages\/126\/revisions\/692"}],"wp:attachment":[{"href":"https:\/\/www.cmc-interieur.com\/index.php\/wp-json\/wp\/v2\/media?parent=126"}],"curies":[{"name":"wp","href":"https:\/\/api.w.org\/{rel}","templated":true}]}}